{"id":6835,"date":"2023-11-16T13:46:20","date_gmt":"2023-11-16T13:46:20","guid":{"rendered":"https:\/\/demo.wpzoom.com\/inspiro-lite-blocks-xml\/?page_id=6835"},"modified":"2025-07-14T16:37:49","modified_gmt":"2025-07-14T16:37:49","slug":"about-dark","status":"publish","type":"page","link":"https:\/\/www.femmecommerce.de\/index.php\/about-dark\/","title":{"rendered":"Kontakt"},"content":{"rendered":"\n<div class=\"wp-block-media-text alignwide has-media-on-the-right is-stacked-on-mobile\"><div class=\"wp-block-media-text__content\">\n<p>Du \u00fcberlegst, ob Social Media das Richtige f\u00fcr dein Unternehmen ist?<\/p>\n\n\n\n<p>Du wei\u00dft schon, dass du sichtbarer werden willst, aber noch nicht genau wie?<\/p>\n\n\n\n<p>Dann ist das Erstgespr\u00e4ch der perfekte erste Schritt.<\/p>\n\n\n\n<p>Ich biete dir ein <strong>kostenloses und unverbindliches Kennenlernen <\/strong>an.<br>In ca. 30 Minuten sprechen wir \u00fcber dein Unternehmen, deine aktuelle Situation und was du dir von einer Zusammenarbeit erwartest. Ich h\u00f6re zu, stelle die richtigen Fragen und wir finden gemeinsam heraus, ob und wie ich dich unterst\u00fctzen kann.<\/p>\n\n\n\n<p>Keine Verkaufsshow, kein Druck &#8211; nur ein ehrlicher Austausch auf Augenh\u00f6he.<\/p>\n\n\n\n<p><br>Und wenn\u2019s passt, bekommst du im Anschluss ein individuelles Angebot.<\/p>\n\n\n\n<p>\ud83d\udce9 Schreib mir direkt per Mail an <a>contact@femmecommerce.de<\/a> oder erreich mich telefonisch und per WhatsApp unter <a href=\"tel:17623722478\">+176 23722478<\/a>. <\/p>\n\n\n\n<p>Ich melde mich schnellstm\u00f6glich bei dir mit einem Terminvorschlag.<\/p>\n\n\n\n<p>Ich freu mich, dich kennenzulernen.<\/p>\n<\/div><figure class=\"wp-block-media-text__media\"><img loading=\"lazy\" decoding=\"async\" width=\"752\" height=\"1024\" src=\"https:\/\/www.femmecommerce.de\/wp-content\/uploads\/2025\/07\/femmecommerce-752x1024.jpg\" alt=\"\" class=\"wp-image-6990 size-full\" srcset=\"https:\/\/www.femmecommerce.de\/wp-content\/uploads\/2025\/07\/femmecommerce-752x1024.jpg 752w, https:\/\/www.femmecommerce.de\/wp-content\/uploads\/2025\/07\/femmecommerce-220x300.jpg 220w, https:\/\/www.femmecommerce.de\/wp-content\/uploads\/2025\/07\/femmecommerce.jpg 1152w\" sizes=\"auto, (max-width: 752px) 100vw, 752px\" \/><\/figure><\/div>\n\n\n\n<hr class=\"wp-block-separator has-alpha-channel-opacity\"\/>\n\n\n\n<ul class=\"wp-block-social-links aligncenter is-layout-flex wp-block-social-links-is-layout-flex\"><li class=\"wp-social-link wp-social-link-instagram  wp-block-social-link\"><a href=\"https:\/\/www.instagram.com\/femmecommerce_de\" class=\"wp-block-social-link-anchor\"><svg width=\"24\" height=\"24\" viewBox=\"0 0 24 24\" version=\"1.1\" xmlns=\"http:\/\/www.w3.org\/2000\/svg\" aria-hidden=\"true\" focusable=\"false\"><path d=\"M12,4.622c2.403,0,2.688,0.009,3.637,0.052c0.877,0.04,1.354,0.187,1.671,0.31c0.42,0.163,0.72,0.358,1.035,0.673 c0.315,0.315,0.51,0.615,0.673,1.035c0.123,0.317,0.27,0.794,0.31,1.671c0.043,0.949,0.052,1.234,0.052,3.637 s-0.009,2.688-0.052,3.637c-0.04,0.877-0.187,1.354-0.31,1.671c-0.163,0.42-0.358,0.72-0.673,1.035 c-0.315,0.315-0.615,0.51-1.035,0.673c-0.317,0.123-0.794,0.27-1.671,0.31c-0.949,0.043-1.233,0.052-3.637,0.052 s-2.688-0.009-3.637-0.052c-0.877-0.04-1.354-0.187-1.671-0.31c-0.42-0.163-0.72-0.358-1.035-0.673 c-0.315-0.315-0.51-0.615-0.673-1.035c-0.123-0.317-0.27-0.794-0.31-1.671C4.631,14.688,4.622,14.403,4.622,12 s0.009-2.688,0.052-3.637c0.04-0.877,0.187-1.354,0.31-1.671c0.163-0.42,0.358-0.72,0.673-1.035 c0.315-0.315,0.615-0.51,1.035-0.673c0.317-0.123,0.794-0.27,1.671-0.31C9.312,4.631,9.597,4.622,12,4.622 M12,3 C9.556,3,9.249,3.01,8.289,3.054C7.331,3.098,6.677,3.25,6.105,3.472C5.513,3.702,5.011,4.01,4.511,4.511 c-0.5,0.5-0.808,1.002-1.038,1.594C3.25,6.677,3.098,7.331,3.054,8.289C3.01,9.249,3,9.556,3,12c0,2.444,0.01,2.751,0.054,3.711 c0.044,0.958,0.196,1.612,0.418,2.185c0.23,0.592,0.538,1.094,1.038,1.594c0.5,0.5,1.002,0.808,1.594,1.038 c0.572,0.222,1.227,0.375,2.185,0.418C9.249,20.99,9.556,21,12,21s2.751-0.01,3.711-0.054c0.958-0.044,1.612-0.196,2.185-0.418 c0.592-0.23,1.094-0.538,1.594-1.038c0.5-0.5,0.808-1.002,1.038-1.594c0.222-0.572,0.375-1.227,0.418-2.185 C20.99,14.751,21,14.444,21,12s-0.01-2.751-0.054-3.711c-0.044-0.958-0.196-1.612-0.418-2.185c-0.23-0.592-0.538-1.094-1.038-1.594 c-0.5-0.5-1.002-0.808-1.594-1.038c-0.572-0.222-1.227-0.375-2.185-0.418C14.751,3.01,14.444,3,12,3L12,3z M12,7.378 c-2.552,0-4.622,2.069-4.622,4.622S9.448,16.622,12,16.622s4.622-2.069,4.622-4.622S14.552,7.378,12,7.378z M12,15 c-1.657,0-3-1.343-3-3s1.343-3,3-3s3,1.343,3,3S13.657,15,12,15z M16.804,6.116c-0.596,0-1.08,0.484-1.08,1.08 s0.484,1.08,1.08,1.08c0.596,0,1.08-0.484,1.08-1.08S17.401,6.116,16.804,6.116z\"><\/path><\/svg><span class=\"wp-block-social-link-label screen-reader-text\">Instagram<\/span><\/a><\/li><\/ul>\n","protected":false},"excerpt":{"rendered":"<p>Du \u00fcberlegst, ob Social Media das Richtige f\u00fcr dein Unternehmen ist? Du wei\u00dft schon, dass du sichtbarer werden willst, aber noch nicht genau wie? Dann ist das Erstgespr\u00e4ch der perfekte erste Schritt. Ich biete dir ein kostenloses und unverbindliches Kennenlernen an.In ca. 30 Minuten sprechen wir \u00fcber dein Unternehmen, deine aktuelle Situation und was du &hellip; <\/p>\n<p class=\"link-more\"><a href=\"https:\/\/www.femmecommerce.de\/index.php\/about-dark\/\" class=\"more-link\">Mehr <span class=\"screen-reader-text\">\u00fcber &#8222;Kontakt&#8220; <\/span>Lesen<\/a><\/p>\n","protected":false},"author":1,"featured_media":0,"parent":0,"menu_order":0,"comment_status":"closed","ping_status":"closed","template":"page-templates\/full-width-transparent.php","meta":{"footnotes":""},"class_list":["post-6835","page","type-page","status-publish","hentry"],"featured_media_urls":[],"_links":{"self":[{"href":"https:\/\/www.femmecommerce.de\/index.php\/wp-json\/wp\/v2\/pages\/6835","targetHints":{"allow":["GET"]}}],"collection":[{"href":"https:\/\/www.femmecommerce.de\/index.php\/wp-json\/wp\/v2\/pages"}],"about":[{"href":"https:\/\/www.femmecommerce.de\/index.php\/wp-json\/wp\/v2\/types\/page"}],"author":[{"embeddable":true,"href":"https:\/\/www.femmecommerce.de\/index.php\/wp-json\/wp\/v2\/users\/1"}],"replies":[{"embeddable":true,"href":"https:\/\/www.femmecommerce.de\/index.php\/wp-json\/wp\/v2\/comments?post=6835"}],"version-history":[{"count":8,"href":"https:\/\/www.femmecommerce.de\/index.php\/wp-json\/wp\/v2\/pages\/6835\/revisions"}],"predecessor-version":[{"id":6994,"href":"https:\/\/www.femmecommerce.de\/index.php\/wp-json\/wp\/v2\/pages\/6835\/revisions\/6994"}],"wp:attachment":[{"href":"https:\/\/www.femmecommerce.de\/index.php\/wp-json\/wp\/v2\/media?parent=6835"}],"curies":[{"name":"wp","href":"https:\/\/api.w.org\/{rel}","templated":true}]}}